{"id":24270,"date":"2022-01-20T14:13:48","date_gmt":"2022-01-20T13:13:48","guid":{"rendered":"http:\/\/bmmetz.fr\/blog\/?page_id=24270"},"modified":"2025-01-20T20:12:26","modified_gmt":"2025-01-20T19:12:26","slug":"la-residence-poursuite","status":"publish","type":"page","link":"https:\/\/bmmetz.fr\/blog\/la-residence-poursuite\/","title":{"rendered":"La r\u00e9sidence POURSUITE"},"content":{"rendered":"\t\t<div data-elementor-type=\"wp-page\" data-elementor-id=\"24270\" class=\"elementor elementor-24270\" data-elementor-post-type=\"page\">\n\t\t\t\t\t\t<section class=\"elementor-section elementor-top-section elementor-element elementor-element-71302e59 elementor-section-boxed elementor-section-height-default elementor-section-height-default\" data-id=\"71302e59\" data-element_type=\"section\" data-settings=\"{&quot;background_background&quot;:&quot;classic&quot;}\">\n\t\t\t\t\t\t\t<div class=\"elementor-background-overlay\"><\/div>\n\t\t\t\t\t\t\t<div class=\"elementor-container elementor-column-gap-default\">\n\t\t\t\t\t<div class=\"elementor-column elementor-col-50 elementor-top-column elementor-element elementor-element-2df22b4\" data-id=\"2df22b4\" data-element_type=\"column\" data-settings=\"{&quot;background_background&quot;:&quot;classic&quot;}\">\n\t\t\t<div class=\"elementor-widget-wrap elementor-element-populated\">\n\t\t\t\t\t\t<div class=\"elementor-element elementor-element-d2ff974 e-transform elementor-widget elementor-widget-heading\" data-id=\"d2ff974\" data-element_type=\"widget\" data-settings=\"{&quot;_transform_rotateZ_effect&quot;:{&quot;unit&quot;:&quot;px&quot;,&quot;size&quot;:&quot;&quot;,&quot;sizes&quot;:[]},&quot;_transform_rotateZ_effect_tablet&quot;:{&quot;unit&quot;:&quot;deg&quot;,&quot;size&quot;:&quot;&quot;,&quot;sizes&quot;:[]},&quot;_transform_rotateZ_effect_mobile&quot;:{&quot;unit&quot;:&quot;deg&quot;,&quot;size&quot;:&quot;&quot;,&quot;sizes&quot;:[]}}\" data-widget_type=\"heading.default\">\n\t\t\t\t<div class=\"elementor-widget-container\">\n\t\t\t\t\t<h2 class=\"elementor-heading-title elementor-size-default\">La r\u00e9sidence d'\u00e9criture Poursuite<\/h2>\t\t\t\t<\/div>\n\t\t\t\t<\/div>\n\t\t\t\t\t<\/div>\n\t\t<\/div>\n\t\t\t\t<div class=\"elementor-column elementor-col-50 elementor-top-column elementor-element elementor-element-a38ec9d\" data-id=\"a38ec9d\" data-element_type=\"column\" data-settings=\"{&quot;background_background&quot;:&quot;classic&quot;}\">\n\t\t\t<div class=\"elementor-widget-wrap elementor-element-populated\">\n\t\t\t\t\t<div class=\"elementor-background-overlay\"><\/div>\n\t\t\t\t\t\t<div class=\"elementor-element elementor-element-b72de10 elementor-drop-cap-yes elementor-drop-cap-view-default elementor-widget elementor-widget-text-editor\" data-id=\"b72de10\" data-element_type=\"widget\" data-settings=\"{&quot;drop_cap&quot;:&quot;yes&quot;}\" data-widget_type=\"text-editor.default\">\n\t\t\t\t<div class=\"elementor-widget-container\">\n\t\t\t\t\t\t\t\t\t<p><\/p>\n<p><\/p>\n<p><\/p>\n<p>Depuis 2022, les Biblioth\u00e8ques-M\u00e9diath\u00e8ques de Metz accueillent des auteurs en r\u00e9sidence de cr\u00e9ation. La r\u00e9sidence POURSUITE, soutenue financi\u00e8rement par la R\u00e9gion et la DRAC Grand Est, s\u2019\u00e9tend sur 8 semaines.\u00a0<\/p>\n<p>Cette r\u00e9sidence a vocation \u00e0 soutenir la cr\u00e9ation litt\u00e9raire d&rsquo;artistes et d\u2019auteurs \u00e9mergents en laissant pleinement \u00e0 l\u2019auteur un temps de cr\u00e9ation (70% de temps de cr\u00e9ation) et en permettant la rencontre avec le public (30% de temps de m\u00e9diation).<\/p>\n<p><br \/>D&rsquo;une ann\u00e9e \u00e0 l\u2019autre, la r\u00e9sidence s\u2019adresse \u00e0 un public adulte avec l\u2019accueil d\u2019une ou un auteur ayant d\u00e9j\u00e0 publi\u00e9 un 1er roman, puis \u00e0 un public jeunesse en accueillant une ou un auteur illustrateur jeunesse. En soutenant un primo-romancier, la r\u00e9sidence compl\u00e8te l\u2019axe \u00ab premier roman \u00bb port\u00e9 par le r\u00e9seau des Biblioth\u00e8ques-M\u00e9diath\u00e8ques de Metz depuis 2017, en offrant \u00e0 une ou un auteur un accompagnement dans l\u2019\u00e9criture de son deuxi\u00e8me roman.<\/p>\n<p><\/p>\t\t\t\t\t\t\t\t<\/div>\n\t\t\t\t<\/div>\n\t\t\t\t\t<\/div>\n\t\t<\/div>\n\t\t\t\t\t<\/div>\n\t\t<\/section>\n\t\t\t\t<section class=\"elementor-section elementor-top-section elementor-element elementor-element-70aaf04 elementor-section-boxed elementor-section-height-default elementor-section-height-default\" data-id=\"70aaf04\" data-element_type=\"section\" data-settings=\"{&quot;background_background&quot;:&quot;classic&quot;}\">\n\t\t\t\t\t\t<div class=\"elementor-container elementor-column-gap-default\">\n\t\t\t\t\t<div class=\"elementor-column elementor-col-100 elementor-top-column elementor-element elementor-element-c5b52b8\" data-id=\"c5b52b8\" data-element_type=\"column\">\n\t\t\t<div class=\"elementor-widget-wrap elementor-element-populated\">\n\t\t\t\t\t\t<div class=\"elementor-element elementor-element-faad102 elementor-widget elementor-widget-heading\" data-id=\"faad102\" data-element_type=\"widget\" data-widget_type=\"heading.default\">\n\t\t\t\t<div class=\"elementor-widget-container\">\n\t\t\t\t\t<h2 class=\"elementor-heading-title elementor-size-default\">Les objectifs de la r\u00e9sidence Poursuite<\/h2>\t\t\t\t<\/div>\n\t\t\t\t<\/div>\n\t\t\t\t<div class=\"elementor-element elementor-element-1ad7317 elementor-widget elementor-widget-text-editor\" data-id=\"1ad7317\" data-element_type=\"widget\" data-widget_type=\"text-editor.default\">\n\t\t\t\t<div class=\"elementor-widget-container\">\n\t\t\t\t\t\t\t\t\t<p>\u2022 Favoriser la cr\u00e9ation litt\u00e9raire et artistique<br \/>\u2022 Offrir \u00e0 une ou un auteur ayant d\u00e9j\u00e0 publi\u00e9 un premier roman les conditions favorables \u00e0 la cr\u00e9ation ou au d\u00e9veloppement d\u2019une oeuvre<br \/>\u2022 Permettre \u00e0 un public diversifi\u00e9 de d\u00e9couvrir la richesse de la cr\u00e9ation litt\u00e9raire contemporaine, favoriser la rencontre de l\u2019auteur avec le public<br \/>\u2022 Donner le go\u00fbt de l\u2019\u00e9criture, de l\u2019\u00e9coute et de la lecture \u00e0 diff\u00e9rents publics<br \/>\u2022 F\u00e9d\u00e9rer diff\u00e9rents acteurs culturels et \u00e9ducatifs de la ville autour d\u2019un projet commun<br \/>\u2022 Favoriser la rencontre avec d\u2019autres artistes et des structures culturelles et artistiques locales<\/p>\n<p>L\u2019auteur b\u00e9n\u00e9ficie d\u2019un logement situ\u00e9 au c\u0153ur de Metz et les Biblioth\u00e8ques-M\u00e9diath\u00e8ques lui versent une r\u00e9mun\u00e9ration en droits d\u2019auteur. La r\u00e9sidence prend place du<b> mois de f\u00e9vrier au mois d\u2019avril <\/b>et se cl\u00f4ture au moment du festival <i>le Livre \u00e0 Metz<\/i>, partenaire privil\u00e9gi\u00e9 des Biblioth\u00e8ques-M\u00e9diath\u00e8ques.<\/p>\t\t\t\t\t\t\t\t<\/div>\n\t\t\t\t<\/div>\n\t\t\t\t\t<\/div>\n\t\t<\/div>\n\t\t\t\t\t<\/div>\n\t\t<\/section>\n\t\t\t\t<section class=\"elementor-section elementor-top-section elementor-element elementor-element-05fcc5a elementor-section-boxed elementor-section-height-default elementor-section-height-default\" data-id=\"05fcc5a\" data-element_type=\"section\" data-settings=\"{&quot;background_background&quot;:&quot;classic&quot;}\">\n\t\t\t\t\t\t<div class=\"elementor-container elementor-column-gap-default\">\n\t\t\t\t\t<div class=\"elementor-column elementor-col-100 elementor-top-column elementor-element elementor-element-8e14661\" data-id=\"8e14661\" data-element_type=\"column\">\n\t\t\t<div class=\"elementor-widget-wrap elementor-element-populated\">\n\t\t\t\t\t\t<div class=\"elementor-element elementor-element-1d67c33 elementor-widget elementor-widget-heading\" data-id=\"1d67c33\" data-element_type=\"widget\" data-widget_type=\"heading.default\">\n\t\t\t\t<div class=\"elementor-widget-container\">\n\t\t\t\t\t<h2 class=\"elementor-heading-title elementor-size-default\">Les auteurs accueillis en r\u00e9sidence<\/h2>\t\t\t\t<\/div>\n\t\t\t\t<\/div>\n\t\t\t\t<section class=\"elementor-section elementor-inner-section elementor-element elementor-element-6768fbd elementor-section-boxed elementor-section-height-default elementor-section-height-default\" data-id=\"6768fbd\" data-element_type=\"section\">\n\t\t\t\t\t\t<div class=\"elementor-container elementor-column-gap-default\">\n\t\t\t\t\t<div class=\"elementor-column elementor-col-33 elementor-inner-column elementor-element elementor-element-1132acd\" data-id=\"1132acd\" data-element_type=\"column\">\n\t\t\t<div class=\"elementor-widget-wrap elementor-element-populated\">\n\t\t\t\t\t\t<div class=\"elementor-element elementor-element-7be7381 elementor-position-top elementor-widget elementor-widget-image-box\" data-id=\"7be7381\" data-element_type=\"widget\" data-widget_type=\"image-box.default\">\n\t\t\t\t<div class=\"elementor-widget-container\">\n\t\t\t\t\t<div class=\"elementor-image-box-wrapper\"><figure class=\"elementor-image-box-img\"><a href=\"https:\/\/bmmetz.fr\/blog\/marie-mirgaine\/\" tabindex=\"-1\"><img fetchpriority=\"high\" decoding=\"async\" width=\"2560\" height=\"1707\" src=\"https:\/\/bmmetz.fr\/blog\/wp-content\/uploads\/2025\/01\/Helene_Laurain_portrait-credit-Alexander-Abdelilah-scaled.jpeg\" class=\"elementor-animation-wobble-vertical attachment-full size-full wp-image-26246\" alt=\"\" srcset=\"https:\/\/bmmetz.fr\/blog\/wp-content\/uploads\/2025\/01\/Helene_Laurain_portrait-credit-Alexander-Abdelilah-scaled.jpeg 2560w, https:\/\/bmmetz.fr\/blog\/wp-content\/uploads\/2025\/01\/Helene_Laurain_portrait-credit-Alexander-Abdelilah-300x200.jpeg 300w, https:\/\/bmmetz.fr\/blog\/wp-content\/uploads\/2025\/01\/Helene_Laurain_portrait-credit-Alexander-Abdelilah-1024x683.jpeg 1024w, https:\/\/bmmetz.fr\/blog\/wp-content\/uploads\/2025\/01\/Helene_Laurain_portrait-credit-Alexander-Abdelilah-768x512.jpeg 768w, https:\/\/bmmetz.fr\/blog\/wp-content\/uploads\/2025\/01\/Helene_Laurain_portrait-credit-Alexander-Abdelilah-1536x1024.jpeg 1536w, https:\/\/bmmetz.fr\/blog\/wp-content\/uploads\/2025\/01\/Helene_Laurain_portrait-credit-Alexander-Abdelilah-2048x1365.jpeg 2048w\" sizes=\"(max-width: 2560px) 100vw, 2560px\" \/><\/a><\/figure><div class=\"elementor-image-box-content\"><h3 class=\"elementor-image-box-title\"><a href=\"https:\/\/bmmetz.fr\/blog\/marie-mirgaine\/\">H\u00e9l\u00e8ne Laurain<\/a><\/h3><p class=\"elementor-image-box-description\">Saison 2024<\/p><\/div><\/div>\t\t\t\t<\/div>\n\t\t\t\t<\/div>\n\t\t\t\t\t<\/div>\n\t\t<\/div>\n\t\t\t\t<div class=\"elementor-column elementor-col-33 elementor-inner-column elementor-element elementor-element-f3cc494\" data-id=\"f3cc494\" data-element_type=\"column\">\n\t\t\t<div class=\"elementor-widget-wrap elementor-element-populated\">\n\t\t\t\t\t\t<div class=\"elementor-element elementor-element-0ceaac9 elementor-position-top elementor-widget elementor-widget-image-box\" data-id=\"0ceaac9\" data-element_type=\"widget\" data-widget_type=\"image-box.default\">\n\t\t\t\t<div class=\"elementor-widget-container\">\n\t\t\t\t\t<div class=\"elementor-image-box-wrapper\"><figure class=\"elementor-image-box-img\"><a href=\"https:\/\/bmmetz.fr\/blog\/marie-mirgaine\/\" tabindex=\"-1\"><img decoding=\"async\" width=\"1240\" height=\"1428\" src=\"https:\/\/bmmetz.fr\/blog\/wp-content\/uploads\/2023\/02\/portrait-Marie-Mirgaine.jpg\" class=\"elementor-animation-wobble-vertical attachment-full size-full wp-image-25911\" alt=\"\" srcset=\"https:\/\/bmmetz.fr\/blog\/wp-content\/uploads\/2023\/02\/portrait-Marie-Mirgaine.jpg 1240w, https:\/\/bmmetz.fr\/blog\/wp-content\/uploads\/2023\/02\/portrait-Marie-Mirgaine-261x300.jpg 261w, https:\/\/bmmetz.fr\/blog\/wp-content\/uploads\/2023\/02\/portrait-Marie-Mirgaine-889x1024.jpg 889w, https:\/\/bmmetz.fr\/blog\/wp-content\/uploads\/2023\/02\/portrait-Marie-Mirgaine-768x884.jpg 768w\" sizes=\"(max-width: 1240px) 100vw, 1240px\" \/><\/a><\/figure><div class=\"elementor-image-box-content\"><h3 class=\"elementor-image-box-title\"><a href=\"https:\/\/bmmetz.fr\/blog\/marie-mirgaine\/\">Marie Mirgaine<\/a><\/h3><p class=\"elementor-image-box-description\">Saison 2023<\/p><\/div><\/div>\t\t\t\t<\/div>\n\t\t\t\t<\/div>\n\t\t\t\t\t<\/div>\n\t\t<\/div>\n\t\t\t\t<div class=\"elementor-column elementor-col-33 elementor-inner-column elementor-element elementor-element-99fad5e\" data-id=\"99fad5e\" data-element_type=\"column\">\n\t\t\t<div class=\"elementor-widget-wrap elementor-element-populated\">\n\t\t\t\t\t\t<div class=\"elementor-element elementor-element-550d936 elementor-position-top elementor-widget elementor-widget-image-box\" data-id=\"550d936\" data-element_type=\"widget\" data-widget_type=\"image-box.default\">\n\t\t\t\t<div class=\"elementor-widget-container\">\n\t\t\t\t\t<div class=\"elementor-image-box-wrapper\"><figure class=\"elementor-image-box-img\"><a href=\"https:\/\/bmmetz.fr\/blog\/jeremy-bracone\" tabindex=\"-1\"><img decoding=\"async\" width=\"920\" height=\"1200\" src=\"https:\/\/bmmetz.fr\/blog\/wp-content\/uploads\/2022\/01\/jeremy-bracone.jpg\" class=\"elementor-animation-wobble-vertical attachment-full size-full wp-image-24438\" alt=\"\" srcset=\"https:\/\/bmmetz.fr\/blog\/wp-content\/uploads\/2022\/01\/jeremy-bracone.jpg 920w, https:\/\/bmmetz.fr\/blog\/wp-content\/uploads\/2022\/01\/jeremy-bracone-230x300.jpg 230w, https:\/\/bmmetz.fr\/blog\/wp-content\/uploads\/2022\/01\/jeremy-bracone-785x1024.jpg 785w, https:\/\/bmmetz.fr\/blog\/wp-content\/uploads\/2022\/01\/jeremy-bracone-768x1002.jpg 768w\" sizes=\"(max-width: 920px) 100vw, 920px\" \/><\/a><\/figure><div class=\"elementor-image-box-content\"><h3 class=\"elementor-image-box-title\"><a href=\"https:\/\/bmmetz.fr\/blog\/jeremy-bracone\">J\u00e9r\u00e9my Bracone<\/a><\/h3><p class=\"elementor-image-box-description\">Saison 2022<\/p><\/div><\/div>\t\t\t\t<\/div>\n\t\t\t\t<\/div>\n\t\t\t\t\t<\/div>\n\t\t<\/div>\n\t\t\t\t\t<\/div>\n\t\t<\/section>\n\t\t\t\t\t<\/div>\n\t\t<\/div>\n\t\t\t\t\t<\/div>\n\t\t<\/section>\n\t\t\t\t<section class=\"elementor-section elementor-top-section elementor-element elementor-element-5b2f38c elementor-section-boxed elementor-section-height-default elementor-section-height-default\" data-id=\"5b2f38c\" data-element_type=\"section\" data-settings=\"{&quot;background_background&quot;:&quot;classic&quot;}\">\n\t\t\t\t\t\t<div class=\"elementor-container elementor-column-gap-default\">\n\t\t\t\t\t<div class=\"elementor-column elementor-col-100 elementor-top-column elementor-element elementor-element-6840c14\" data-id=\"6840c14\" data-element_type=\"column\">\n\t\t\t<div class=\"elementor-widget-wrap elementor-element-populated\">\n\t\t\t\t\t\t<div class=\"elementor-element elementor-element-3e5a872 elementor-widget elementor-widget-heading\" data-id=\"3e5a872\" data-element_type=\"widget\" data-widget_type=\"heading.default\">\n\t\t\t\t<div class=\"elementor-widget-container\">\n\t\t\t\t\t<h2 class=\"elementor-heading-title elementor-size-default\">sur le blog<\/h2>\t\t\t\t<\/div>\n\t\t\t\t<\/div>\n\t\t\t\t<div class=\"elementor-element elementor-element-17e4b31 elementor-grid-3 elementor-grid-tablet-2 elementor-grid-mobile-1 elementor-posts--thumbnail-top elementor-card-shadow-yes elementor-posts__hover-gradient elementor-widget elementor-widget-posts\" data-id=\"17e4b31\" data-element_type=\"widget\" data-settings=\"{&quot;cards_columns&quot;:&quot;3&quot;,&quot;cards_columns_tablet&quot;:&quot;2&quot;,&quot;cards_columns_mobile&quot;:&quot;1&quot;,&quot;cards_row_gap&quot;:{&quot;unit&quot;:&quot;px&quot;,&quot;size&quot;:35,&quot;sizes&quot;:[]},&quot;cards_row_gap_tablet&quot;:{&quot;unit&quot;:&quot;px&quot;,&quot;size&quot;:&quot;&quot;,&quot;sizes&quot;:[]},&quot;cards_row_gap_mobile&quot;:{&quot;unit&quot;:&quot;px&quot;,&quot;size&quot;:&quot;&quot;,&quot;sizes&quot;:[]}}\" data-widget_type=\"posts.cards\">\n\t\t\t\t<div class=\"elementor-widget-container\">\n\t\t\t\t\t\t\t<div class=\"elementor-posts-container elementor-posts elementor-posts--skin-cards elementor-grid\">\n\t\t\t\t<article class=\"elementor-post elementor-grid-item post-26510 post type-post status-publish format-standard has-post-thumbnail hentry category-romain-bernard\">\n\t\t\t<div class=\"elementor-post__card\">\n\t\t\t\t<a class=\"elementor-post__thumbnail__link\" href=\"https:\/\/bmmetz.fr\/blog\/2025\/02\/11\/ateliers-a-lecole-erckmann-chatrian\/\" tabindex=\"-1\" ><div class=\"elementor-post__thumbnail\"><img loading=\"lazy\" decoding=\"async\" width=\"300\" height=\"154\" src=\"https:\/\/bmmetz.fr\/blog\/wp-content\/uploads\/2025\/02\/2025-02-11-atelier-scolaires-300x154.jpg\" class=\"attachment-medium size-medium wp-image-26513\" alt=\"\" srcset=\"https:\/\/bmmetz.fr\/blog\/wp-content\/uploads\/2025\/02\/2025-02-11-atelier-scolaires-300x154.jpg 300w, https:\/\/bmmetz.fr\/blog\/wp-content\/uploads\/2025\/02\/2025-02-11-atelier-scolaires-1024x526.jpg 1024w, https:\/\/bmmetz.fr\/blog\/wp-content\/uploads\/2025\/02\/2025-02-11-atelier-scolaires-768x394.jpg 768w, https:\/\/bmmetz.fr\/blog\/wp-content\/uploads\/2025\/02\/2025-02-11-atelier-scolaires.jpg 1326w\" sizes=\"(max-width: 300px) 100vw, 300px\" \/><\/div><\/a>\n\t\t\t\t<div class=\"elementor-post__badge\">Romain Bernard<\/div>\n\t\t\t\t<div class=\"elementor-post__text\">\n\t\t\t\t<h3 class=\"elementor-post__title\">\n\t\t\t<a href=\"https:\/\/bmmetz.fr\/blog\/2025\/02\/11\/ateliers-a-lecole-erckmann-chatrian\/\" >\n\t\t\t\tAteliers \u00e0 l\u2019\u00e9cole Erckmann-Chatrian\t\t\t<\/a>\n\t\t<\/h3>\n\t\t\t\t<div class=\"elementor-post__excerpt\">\n\t\t\t<p>Vendredi 7 f\u00e9vrier 2025, Romain Bernard, notre auteur-illustrateur jeunesse en r\u00e9sidence, a pass\u00e9 la matin\u00e9e avec des \u00e9l\u00e8ves de l\u2019\u00e9cole Erckmann-Chatrian. Ensemble, ils ont d\u00e9but\u00e9<\/p>\n\t\t<\/div>\n\t\t\n\t\t<a class=\"elementor-post__read-more\" href=\"https:\/\/bmmetz.fr\/blog\/2025\/02\/11\/ateliers-a-lecole-erckmann-chatrian\/\" aria-label=\"En savoir plus sur Ateliers \u00e0 l\u2019\u00e9cole Erckmann-Chatrian\" tabindex=\"-1\" >\n\t\t\tEn lire plus \u00bb\t\t<\/a>\n\n\t\t\t\t<\/div>\n\t\t\t\t\t<\/div>\n\t\t<\/article>\n\t\t\t\t<article class=\"elementor-post elementor-grid-item post-26519 post type-post status-publish format-standard has-post-thumbnail hentry category-actus category-romain-bernard\">\n\t\t\t<div class=\"elementor-post__card\">\n\t\t\t\t<a class=\"elementor-post__thumbnail__link\" href=\"https:\/\/bmmetz.fr\/blog\/2025\/02\/08\/trois-questions-a-romain-bernard\/\" tabindex=\"-1\" ><div class=\"elementor-post__thumbnail\"><img loading=\"lazy\" decoding=\"async\" width=\"300\" height=\"200\" src=\"https:\/\/bmmetz.fr\/blog\/wp-content\/uploads\/2025\/02\/romain-bernard-300x200.jpg\" class=\"attachment-medium size-medium wp-image-26527\" alt=\"\" srcset=\"https:\/\/bmmetz.fr\/blog\/wp-content\/uploads\/2025\/02\/romain-bernard-300x200.jpg 300w, https:\/\/bmmetz.fr\/blog\/wp-content\/uploads\/2025\/02\/romain-bernard-1024x683.jpg 1024w, https:\/\/bmmetz.fr\/blog\/wp-content\/uploads\/2025\/02\/romain-bernard-768x512.jpg 768w, https:\/\/bmmetz.fr\/blog\/wp-content\/uploads\/2025\/02\/romain-bernard-1536x1024.jpg 1536w, https:\/\/bmmetz.fr\/blog\/wp-content\/uploads\/2025\/02\/romain-bernard.jpg 1600w\" sizes=\"(max-width: 300px) 100vw, 300px\" \/><\/div><\/a>\n\t\t\t\t<div class=\"elementor-post__badge\">Actualit\u00e9s<\/div>\n\t\t\t\t<div class=\"elementor-post__text\">\n\t\t\t\t<h3 class=\"elementor-post__title\">\n\t\t\t<a href=\"https:\/\/bmmetz.fr\/blog\/2025\/02\/08\/trois-questions-a-romain-bernard\/\" >\n\t\t\t\tTrois questions \u00e0 Romain Bernard\t\t\t<\/a>\n\t\t<\/h3>\n\t\t\t\t<div class=\"elementor-post__excerpt\">\n\t\t\t<p>Romain Bernard, nouvel auteur-illustrateur en r\u00e9sidence dans nos m\u00e9diath\u00e8ques et originaire de Toulouse, d\u00e9couvre Metz et partage ses premi\u00e8res impressions autour de ces 3 questions<\/p>\n\t\t<\/div>\n\t\t\n\t\t<a class=\"elementor-post__read-more\" href=\"https:\/\/bmmetz.fr\/blog\/2025\/02\/08\/trois-questions-a-romain-bernard\/\" aria-label=\"En savoir plus sur Trois questions \u00e0 Romain Bernard\" tabindex=\"-1\" >\n\t\t\tEn lire plus \u00bb\t\t<\/a>\n\n\t\t\t\t<\/div>\n\t\t\t\t\t<\/div>\n\t\t<\/article>\n\t\t\t\t<article class=\"elementor-post elementor-grid-item post-26269 post type-post status-publish format-standard has-post-thumbnail hentry category-actus category-romain-bernard\">\n\t\t\t<div class=\"elementor-post__card\">\n\t\t\t\t<a class=\"elementor-post__thumbnail__link\" href=\"https:\/\/bmmetz.fr\/blog\/2025\/01\/20\/romain-bernard-nouvel-auteur-en-residence-2025\/\" tabindex=\"-1\" ><div class=\"elementor-post__thumbnail\"><img loading=\"lazy\" decoding=\"async\" width=\"300\" height=\"295\" src=\"https:\/\/bmmetz.fr\/blog\/wp-content\/uploads\/2025\/01\/romain-bernard-300x295.png\" class=\"attachment-medium size-medium wp-image-26194\" alt=\"\" srcset=\"https:\/\/bmmetz.fr\/blog\/wp-content\/uploads\/2025\/01\/romain-bernard-300x295.png 300w, https:\/\/bmmetz.fr\/blog\/wp-content\/uploads\/2025\/01\/romain-bernard-768x755.png 768w, https:\/\/bmmetz.fr\/blog\/wp-content\/uploads\/2025\/01\/romain-bernard.png 800w\" sizes=\"(max-width: 300px) 100vw, 300px\" \/><\/div><\/a>\n\t\t\t\t<div class=\"elementor-post__badge\">Actualit\u00e9s<\/div>\n\t\t\t\t<div class=\"elementor-post__text\">\n\t\t\t\t<h3 class=\"elementor-post__title\">\n\t\t\t<a href=\"https:\/\/bmmetz.fr\/blog\/2025\/01\/20\/romain-bernard-nouvel-auteur-en-residence-2025\/\" >\n\t\t\t\tRomain Bernard, nouvel auteur en r\u00e9sidence 2025\t\t\t<\/a>\n\t\t<\/h3>\n\t\t\t\t<div class=\"elementor-post__excerpt\">\n\t\t\t<p>Pour cette 4e saison de la r\u00e9sidence Poursuite, les Biblioth\u00e8ques M\u00e9diath\u00e8ques de Metz accueillent du 27 janvier au 6 avril 2025 Romain Bernard, auteur et<\/p>\n\t\t<\/div>\n\t\t\n\t\t<a class=\"elementor-post__read-more\" href=\"https:\/\/bmmetz.fr\/blog\/2025\/01\/20\/romain-bernard-nouvel-auteur-en-residence-2025\/\" aria-label=\"En savoir plus sur Romain Bernard, nouvel auteur en r\u00e9sidence 2025\" tabindex=\"-1\" >\n\t\t\tEn lire plus \u00bb\t\t<\/a>\n\n\t\t\t\t<\/div>\n\t\t\t\t\t<\/div>\n\t\t<\/article>\n\t\t\t\t<\/div>\n\t\t\n\t\t\t\t\t\t<\/div>\n\t\t\t\t<\/div>\n\t\t\t\t\t<\/div>\n\t\t<\/div>\n\t\t\t\t\t<\/div>\n\t\t<\/section>\n\t\t\t\t<\/div>\n\t\t","protected":false},"excerpt":{"rendered":"<p>La r\u00e9sidence d&rsquo;\u00e9criture Poursuite Depuis 2022, les Biblioth\u00e8ques-M\u00e9diath\u00e8ques de Metz accueillent des auteurs en r\u00e9sidence de cr\u00e9ation. La r\u00e9sidence POURSUITE, soutenue financi\u00e8rement par la R\u00e9gion et la DRAC Grand Est, s\u2019\u00e9tend sur 8 semaines.\u00a0 Cette r\u00e9sidence a vocation \u00e0 soutenir la cr\u00e9ation litt\u00e9raire d&rsquo;artistes et d\u2019auteurs \u00e9mergents en laissant pleinement \u00e0 l\u2019auteur un temps de [&hellip;]<\/p>\n","protected":false},"author":1,"featured_media":0,"parent":0,"menu_order":0,"comment_status":"closed","ping_status":"closed","template":"","meta":{"footnotes":""},"_links":{"self":[{"href":"https:\/\/bmmetz.fr\/blog\/wp-json\/wp\/v2\/pages\/24270"}],"collection":[{"href":"https:\/\/bmmetz.fr\/blog\/wp-json\/wp\/v2\/pages"}],"about":[{"href":"https:\/\/bmmetz.fr\/blog\/wp-json\/wp\/v2\/types\/page"}],"author":[{"embeddable":true,"href":"https:\/\/bmmetz.fr\/blog\/wp-json\/wp\/v2\/users\/1"}],"replies":[{"embeddable":true,"href":"https:\/\/bmmetz.fr\/blog\/wp-json\/wp\/v2\/comments?post=24270"}],"version-history":[{"count":140,"href":"https:\/\/bmmetz.fr\/blog\/wp-json\/wp\/v2\/pages\/24270\/revisions"}],"predecessor-version":[{"id":26426,"href":"https:\/\/bmmetz.fr\/blog\/wp-json\/wp\/v2\/pages\/24270\/revisions\/26426"}],"wp:attachment":[{"href":"https:\/\/bmmetz.fr\/blog\/wp-json\/wp\/v2\/media?parent=24270"}],"curies":[{"name":"wp","href":"https:\/\/api.w.org\/{rel}","templated":true}]}}