{"id":25694,"date":"2023-01-20T11:43:12","date_gmt":"2023-01-20T10:43:12","guid":{"rendered":"https:\/\/bmmetz.fr\/blog\/?page_id=25694"},"modified":"2025-01-20T19:47:31","modified_gmt":"2025-01-20T18:47:31","slug":"marie-mirgaine","status":"publish","type":"page","link":"https:\/\/bmmetz.fr\/blog\/marie-mirgaine\/","title":{"rendered":"Marie Mirgaine"},"content":{"rendered":"\t\t<div data-elementor-type=\"wp-page\" data-elementor-id=\"25694\" class=\"elementor elementor-25694\" data-elementor-post-type=\"page\">\n\t\t\t\t\t\t<section class=\"elementor-section elementor-top-section elementor-element elementor-element-f6dbb3f elementor-section-boxed elementor-section-height-default elementor-section-height-default\" data-id=\"f6dbb3f\" data-element_type=\"section\" data-settings=\"{&quot;background_background&quot;:&quot;classic&quot;}\">\n\t\t\t\t\t\t\t<div class=\"elementor-background-overlay\"><\/div>\n\t\t\t\t\t\t\t<div class=\"elementor-container elementor-column-gap-default\">\n\t\t\t\t\t<div class=\"elementor-column elementor-col-50 elementor-top-column elementor-element elementor-element-08ea653\" data-id=\"08ea653\" data-element_type=\"column\" data-settings=\"{&quot;background_background&quot;:&quot;classic&quot;}\">\n\t\t\t<div class=\"elementor-widget-wrap elementor-element-populated\">\n\t\t\t\t\t<div class=\"elementor-background-overlay\"><\/div>\n\t\t\t\t\t\t<div class=\"elementor-element elementor-element-bace771 e-transform elementor-widget elementor-widget-heading\" data-id=\"bace771\" data-element_type=\"widget\" data-settings=\"{&quot;_transform_rotateZ_effect&quot;:{&quot;unit&quot;:&quot;px&quot;,&quot;size&quot;:&quot;&quot;,&quot;sizes&quot;:[]},&quot;_transform_rotateZ_effect_tablet&quot;:{&quot;unit&quot;:&quot;deg&quot;,&quot;size&quot;:&quot;&quot;,&quot;sizes&quot;:[]},&quot;_transform_rotateZ_effect_mobile&quot;:{&quot;unit&quot;:&quot;deg&quot;,&quot;size&quot;:&quot;&quot;,&quot;sizes&quot;:[]}}\" data-widget_type=\"heading.default\">\n\t\t\t\t<div class=\"elementor-widget-container\">\n\t\t\t\t\t<h2 class=\"elementor-heading-title elementor-size-default\">Marie Mirgaine<\/h2>\t\t\t\t<\/div>\n\t\t\t\t<\/div>\n\t\t\t\t<div class=\"elementor-element elementor-element-abf1538 elementor-widget elementor-widget-text-editor\" data-id=\"abf1538\" data-element_type=\"widget\" data-widget_type=\"text-editor.default\">\n\t\t\t\t<div class=\"elementor-widget-container\">\n\t\t\t\t\t\t\t\t\t<p><\/p>\n<p class=\"MsoNormal\">Artiste originaire de Metz et aujourd\u2019hui bas\u00e9e \u00e0 Lyon, Marie Mirgaine \u00e9crit et illustre des ouvrages pour la jeunesse depuis 2019. Remarqu\u00e9e avec son premier album <i>Kiki en promenade <\/i>aux \u00e9ditions des Fourmis rouges, coup de coeur du jury de la 2\u00e8me \u00e9dition du Prix du Livre Grand Est en 2021 et parmi d\u2019autres r\u00e9compenses (S\u00e9lection P\u00e9pites \u00ab Livre illustr\u00e9 \u00bb 2019 au Salon du livre de Montreuil, Prix Libbylit 2019 au salon du livre de Bruxelles, Mention \u00ab\u00a0Opera prima\u00a0\u00bb 2020 \u00e0 la Foire internationale du livre de Bologne), l\u2019autrice se d\u00e9marque par l\u2019usage de techniques vari\u00e9es.<\/p>\n<p class=\"MsoNormal\">Dipl\u00f4m\u00e9e d\u2019illustration \u00e0 la Haute \u00c9cole des Arts du Rhin en 2015, Artiste touche \u00e0 tout aux techniques vari\u00e9es (collage, aquarelle, volumes\u2026), elle collabore avec la presse (le New York Times, Biscoto journal), expose ses \u0153uvres dans divers lieux, cr\u00e9e des spectacles, r\u00e9alise des vitrines, et anime des ateliers pour enfants.\u00a0<span style=\"color: var( --e-global-color-text ); font-family: var( --e-global-typography-text-font-family ), Sans-serif; font-size: var( --e-global-typography-text-font-size ); font-style: var( --e-global-typography-text-font-style ); font-weight: var( --e-global-typography-text-font-weight ); text-transform: var( --e-global-typography-text-text-transform ); background-color: transparent;\">\u00a0En plus de l\u2019\u00e9criture et de l\u2019illustration (avec notamment la technique de papier d\u00e9coup\u00e9), Marie Mirgaine propose \u00e9galement des mises en sc\u00e8ne pour deux de ces albums. La dimension pluridisciplinaire de son travail s\u2019inscrit dans notre volont\u00e9 de montrer le livre et la lecture sous toutes leurs formes.\u00a0<\/span><\/p>\n<p><\/p>\t\t\t\t\t\t\t\t<\/div>\n\t\t\t\t<\/div>\n\t\t\t\t<div class=\"elementor-element elementor-element-1200380 elementor-widget elementor-widget-spacer\" data-id=\"1200380\" data-element_type=\"widget\" data-widget_type=\"spacer.default\">\n\t\t\t\t<div class=\"elementor-widget-container\">\n\t\t\t\t\t\t\t<div class=\"elementor-spacer\">\n\t\t\t<div class=\"elementor-spacer-inner\"><\/div>\n\t\t<\/div>\n\t\t\t\t\t\t<\/div>\n\t\t\t\t<\/div>\n\t\t\t\t<div class=\"elementor-element elementor-element-3ac74b2 e-transform elementor-widget elementor-widget-heading\" data-id=\"3ac74b2\" data-element_type=\"widget\" data-settings=\"{&quot;_transform_rotateZ_effect&quot;:{&quot;unit&quot;:&quot;px&quot;,&quot;size&quot;:&quot;&quot;,&quot;sizes&quot;:[]},&quot;_transform_rotateZ_effect_tablet&quot;:{&quot;unit&quot;:&quot;deg&quot;,&quot;size&quot;:&quot;&quot;,&quot;sizes&quot;:[]},&quot;_transform_rotateZ_effect_mobile&quot;:{&quot;unit&quot;:&quot;deg&quot;,&quot;size&quot;:&quot;&quot;,&quot;sizes&quot;:[]}}\" data-widget_type=\"heading.default\">\n\t\t\t\t<div class=\"elementor-widget-container\">\n\t\t\t\t\t<h2 class=\"elementor-heading-title elementor-size-default\">Suivre Marie Mirgaine  :<\/h2>\t\t\t\t<\/div>\n\t\t\t\t<\/div>\n\t\t\t\t<div class=\"elementor-element elementor-element-9f4e92f elementor-shape-square e-grid-align-left elementor-grid-0 elementor-widget elementor-widget-social-icons\" data-id=\"9f4e92f\" data-element_type=\"widget\" data-widget_type=\"social-icons.default\">\n\t\t\t\t<div class=\"elementor-widget-container\">\n\t\t\t\t\t\t\t<div class=\"elementor-social-icons-wrapper elementor-grid\">\n\t\t\t\t\t\t\t<span class=\"elementor-grid-item\">\n\t\t\t\t\t<a class=\"elementor-icon elementor-social-icon elementor-social-icon-instagram elementor-repeater-item-1591d4f\" href=\"https:\/\/www.instagram.com\/mariemirgaineillustration\/?hl=fr\" target=\"_blank\">\n\t\t\t\t\t\t<span class=\"elementor-screen-only\">Instagram<\/span>\n\t\t\t\t\t\t<i class=\"fab fa-instagram\"><\/i>\t\t\t\t\t<\/a>\n\t\t\t\t<\/span>\n\t\t\t\t\t\t\t<span class=\"elementor-grid-item\">\n\t\t\t\t\t<a class=\"elementor-icon elementor-social-icon elementor-social-icon-facebook elementor-repeater-item-830260e\" href=\"https:\/\/www.facebook.com\/marie.mirgaine\" target=\"_blank\">\n\t\t\t\t\t\t<span class=\"elementor-screen-only\">Facebook<\/span>\n\t\t\t\t\t\t<i class=\"fab fa-facebook\"><\/i>\t\t\t\t\t<\/a>\n\t\t\t\t<\/span>\n\t\t\t\t\t\t\t<span class=\"elementor-grid-item\">\n\t\t\t\t\t<a class=\"elementor-icon elementor-social-icon elementor-social-icon-link elementor-repeater-item-34077c7\" href=\"https:\/\/mariemirgaine.com\/\" target=\"_blank\">\n\t\t\t\t\t\t<span class=\"elementor-screen-only\">Link<\/span>\n\t\t\t\t\t\t<i class=\"fas fa-link\"><\/i>\t\t\t\t\t<\/a>\n\t\t\t\t<\/span>\n\t\t\t\t\t<\/div>\n\t\t\t\t\t\t<\/div>\n\t\t\t\t<\/div>\n\t\t\t\t\t<\/div>\n\t\t<\/div>\n\t\t\t\t<div class=\"elementor-column elementor-col-50 elementor-top-column elementor-element elementor-element-a7234d6\" data-id=\"a7234d6\" data-element_type=\"column\" data-settings=\"{&quot;background_background&quot;:&quot;classic&quot;}\">\n\t\t\t<div class=\"elementor-widget-wrap elementor-element-populated\">\n\t\t\t\t\t<div class=\"elementor-background-overlay\"><\/div>\n\t\t\t\t\t\t<div class=\"elementor-element elementor-element-77ce9c2 elementor-widget elementor-widget-image\" data-id=\"77ce9c2\" data-element_type=\"widget\" data-widget_type=\"image.default\">\n\t\t\t\t<div class=\"elementor-widget-container\">\n\t\t\t\t\t\t\t\t\t\t\t\t\t\t\t<img fetchpriority=\"high\" decoding=\"async\" width=\"668\" height=\"813\" src=\"https:\/\/bmmetz.fr\/blog\/wp-content\/uploads\/2023\/02\/Marie-Mirgaine.png\" class=\"attachment-large size-large wp-image-25710\" alt=\"\" srcset=\"https:\/\/bmmetz.fr\/blog\/wp-content\/uploads\/2023\/02\/Marie-Mirgaine.png 668w, https:\/\/bmmetz.fr\/blog\/wp-content\/uploads\/2023\/02\/Marie-Mirgaine-246x300.png 246w\" sizes=\"(max-width: 668px) 100vw, 668px\" \/>\t\t\t\t\t\t\t\t\t\t\t\t\t\t\t<\/div>\n\t\t\t\t<\/div>\n\t\t\t\t\t<\/div>\n\t\t<\/div>\n\t\t\t\t\t<\/div>\n\t\t<\/section>\n\t\t\t\t<section class=\"elementor-section elementor-top-section elementor-element elementor-element-37352ac elementor-section-boxed elementor-section-height-default elementor-section-height-default\" data-id=\"37352ac\" data-element_type=\"section\" data-settings=\"{&quot;background_background&quot;:&quot;classic&quot;}\">\n\t\t\t\t\t\t<div class=\"elementor-container elementor-column-gap-default\">\n\t\t\t\t\t<div class=\"elementor-column elementor-col-50 elementor-top-column elementor-element elementor-element-4ac4d37\" data-id=\"4ac4d37\" data-element_type=\"column\">\n\t\t\t<div class=\"elementor-widget-wrap elementor-element-populated\">\n\t\t\t\t\t\t<div class=\"elementor-element elementor-element-e613008 elementor-widget elementor-widget-image\" data-id=\"e613008\" data-element_type=\"widget\" data-widget_type=\"image.default\">\n\t\t\t\t<div class=\"elementor-widget-container\">\n\t\t\t\t\t\t\t\t\t\t\t\t\t\t\t<img decoding=\"async\" width=\"798\" height=\"1024\" src=\"https:\/\/bmmetz.fr\/blog\/wp-content\/uploads\/2023\/02\/Kiki-promenade-COUV-798x1024.jpg\" class=\"attachment-large size-large wp-image-25880\" alt=\"\" srcset=\"https:\/\/bmmetz.fr\/blog\/wp-content\/uploads\/2023\/02\/Kiki-promenade-COUV-798x1024.jpg 798w, https:\/\/bmmetz.fr\/blog\/wp-content\/uploads\/2023\/02\/Kiki-promenade-COUV-234x300.jpg 234w, https:\/\/bmmetz.fr\/blog\/wp-content\/uploads\/2023\/02\/Kiki-promenade-COUV-768x986.jpg 768w, https:\/\/bmmetz.fr\/blog\/wp-content\/uploads\/2023\/02\/Kiki-promenade-COUV-1197x1536.jpg 1197w, https:\/\/bmmetz.fr\/blog\/wp-content\/uploads\/2023\/02\/Kiki-promenade-COUV.jpg 1500w\" sizes=\"(max-width: 798px) 100vw, 798px\" \/>\t\t\t\t\t\t\t\t\t\t\t\t\t\t\t<\/div>\n\t\t\t\t<\/div>\n\t\t\t\t\t<\/div>\n\t\t<\/div>\n\t\t\t\t<div class=\"elementor-column elementor-col-50 elementor-top-column elementor-element elementor-element-f572824\" data-id=\"f572824\" data-element_type=\"column\">\n\t\t\t<div class=\"elementor-widget-wrap elementor-element-populated\">\n\t\t\t\t\t\t<div class=\"elementor-element elementor-element-ff54552 elementor-widget elementor-widget-heading\" data-id=\"ff54552\" data-element_type=\"widget\" data-widget_type=\"heading.default\">\n\t\t\t\t<div class=\"elementor-widget-container\">\n\t\t\t\t\t<h2 class=\"elementor-heading-title elementor-size-default\">son premier album<\/h2>\t\t\t\t<\/div>\n\t\t\t\t<\/div>\n\t\t\t\t<div class=\"elementor-element elementor-element-4688d09 elementor-widget elementor-widget-heading\" data-id=\"4688d09\" data-element_type=\"widget\" data-widget_type=\"heading.default\">\n\t\t\t\t<div class=\"elementor-widget-container\">\n\t\t\t\t\t<h2 class=\"elementor-heading-title elementor-size-default\">Kiki en promenade<\/h2>\t\t\t\t<\/div>\n\t\t\t\t<\/div>\n\t\t\t\t<div class=\"elementor-element elementor-element-37ce2d1 elementor-widget elementor-widget-heading\" data-id=\"37ce2d1\" data-element_type=\"widget\" data-widget_type=\"heading.default\">\n\t\t\t\t<div class=\"elementor-widget-container\">\n\t\t\t\t\t<h2 class=\"elementor-heading-title elementor-size-default\">2019, \u00e9ditions Les Fourmis rouges<\/h2>\t\t\t\t<\/div>\n\t\t\t\t<\/div>\n\t\t\t\t<div class=\"elementor-element elementor-element-0ae87cf elementor-widget elementor-widget-text-editor\" data-id=\"0ae87cf\" data-element_type=\"widget\" data-widget_type=\"text-editor.default\">\n\t\t\t\t<div class=\"elementor-widget-container\">\n\t\t\t\t\t\t\t\t\t<p><\/p>\n<p>L&rsquo;album \u00ab\u00a0Kiki en promenade\u00a0\u00bb est au coeur de la r\u00e9sidence de Marie Mirgaine. Petite pr\u00e9sentation de ce premier album.<\/p><p>L&rsquo;histoire : Julien prom\u00e8ne son chien. Sans qu\u2019il s\u2019en aper\u00e7oive, celui-ci est emport\u00e9 par un aigle. D\u00e9sormais Julien prom\u00e8ne son aigle. Mais \u00e7a c\u2019\u00e9tait avant qu\u2019il ne soit remplac\u00e9 par un tigre. Jusqu\u2019\u00e0 ce que celui-ci soit supplant\u00e9 par un renard, lui-m\u00eame enlev\u00e9 par une pieuvre, et puis une mouche, une licorne, et ainsi de suite, jusqu\u2019au retour du chien de Julien.&nbsp;<span style=\"color: var( --e-global-color-text ); font-family: var( --e-global-typography-text-font-family ), Sans-serif; font-size: var( --e-global-typography-text-font-size ); font-style: var( --e-global-typography-text-font-style ); font-weight: var( --e-global-typography-text-font-weight ); text-transform: var( --e-global-typography-text-text-transform );\">Dans ce sublime album en papiers d\u00e9coup\u00e9s, l\u2019extraordinaire envahit l\u2019ordinaire gr\u00e2ce \u00e0 un simple mais subtil ph\u00e9nom\u00e8ne d\u2019accumulation. L\u2019enfant s\u2019amuse de l\u2019effet de surprise : quel animal va venir succ\u00e9der au dernier ? Julien finira-t-il par se rendre compte de ce qui se trame ? Ainsi le quotidien est transfigur\u00e9 dans cette \u0153uvre comique qui joue avec les ressorts de l\u2019album jeunesse et convoque l\u2019imagination de ses lecteurs.<\/span><\/p>\n<p><\/p>\t\t\t\t\t\t\t\t<\/div>\n\t\t\t\t<\/div>\n\t\t\t\t<div class=\"elementor-element elementor-element-d03ad3d elementor-widget elementor-widget-heading\" data-id=\"d03ad3d\" data-element_type=\"widget\" data-widget_type=\"heading.default\">\n\t\t\t\t<div class=\"elementor-widget-container\">\n\t\t\t\t\t<h2 class=\"elementor-heading-title elementor-size-default\">acheter l'album \"Kiki en promenade\"<\/h2>\t\t\t\t<\/div>\n\t\t\t\t<\/div>\n\t\t\t\t<div class=\"elementor-element elementor-element-6038a17 elementor-align-left elementor-widget__width-auto elementor-widget elementor-widget-button\" data-id=\"6038a17\" data-element_type=\"widget\" data-widget_type=\"button.default\">\n\t\t\t\t<div class=\"elementor-widget-container\">\n\t\t\t\t\t\t\t\t\t<div class=\"elementor-button-wrapper\">\n\t\t\t\t\t<a class=\"elementor-button elementor-button-link elementor-size-sm\" href=\"https:\/\/editionslesfourmisrouges.com\/produit\/kiki-en-promenade\/\">\n\t\t\t\t\t\t<span class=\"elementor-button-content-wrapper\">\n\t\t\t\t\t\t\t\t\t<span class=\"elementor-button-text\">> site des \u00e9ditions les fourmis rouges<\/span>\n\t\t\t\t\t<\/span>\n\t\t\t\t\t<\/a>\n\t\t\t\t<\/div>\n\t\t\t\t\t\t\t\t<\/div>\n\t\t\t\t<\/div>\n\t\t\t\t<div class=\"elementor-element elementor-element-f0742c8 elementor-widget elementor-widget-heading\" data-id=\"f0742c8\" data-element_type=\"widget\" data-widget_type=\"heading.default\">\n\t\t\t\t<div class=\"elementor-widget-container\">\n\t\t\t\t\t<h2 class=\"elementor-heading-title elementor-size-default\">dans le catalogue des M\u00e9diath\u00e8ques de Metz<\/h2>\t\t\t\t<\/div>\n\t\t\t\t<\/div>\n\t\t\t\t<div class=\"elementor-element elementor-element-dee59e9 elementor-align-left elementor-widget__width-auto elementor-widget elementor-widget-button\" data-id=\"dee59e9\" data-element_type=\"widget\" data-widget_type=\"button.default\">\n\t\t\t\t<div class=\"elementor-widget-container\">\n\t\t\t\t\t\t\t\t\t<div class=\"elementor-button-wrapper\">\n\t\t\t\t\t<a class=\"elementor-button elementor-button-link elementor-size-sm\" href=\"https:\/\/bm.metz.fr\/iguana\/www.main.cls?surl=search&#038;p=d2d29c5a-3e3b-11e3-bf0b-5056be00fa00#recordId=1.929821&#038;srchDb=1\" target=\"_blank\">\n\t\t\t\t\t\t<span class=\"elementor-button-content-wrapper\">\n\t\t\t\t\t\t\t\t\t<span class=\"elementor-button-text\">> r\u00e9server le livre <\/span>\n\t\t\t\t\t<\/span>\n\t\t\t\t\t<\/a>\n\t\t\t\t<\/div>\n\t\t\t\t\t\t\t\t<\/div>\n\t\t\t\t<\/div>\n\t\t\t\t\t<\/div>\n\t\t<\/div>\n\t\t\t\t\t<\/div>\n\t\t<\/section>\n\t\t\t\t<section class=\"elementor-section elementor-top-section elementor-element elementor-element-5b9e747 elementor-section-boxed elementor-section-height-default elementor-section-height-default\" data-id=\"5b9e747\" data-element_type=\"section\" data-settings=\"{&quot;background_background&quot;:&quot;classic&quot;}\">\n\t\t\t\t\t\t<div class=\"elementor-container elementor-column-gap-default\">\n\t\t\t\t\t<div class=\"elementor-column elementor-col-100 elementor-top-column elementor-element elementor-element-74ecd58\" data-id=\"74ecd58\" data-element_type=\"column\">\n\t\t\t<div class=\"elementor-widget-wrap elementor-element-populated\">\n\t\t\t\t\t\t<div class=\"elementor-element elementor-element-7c2fd4a elementor-widget elementor-widget-heading\" data-id=\"7c2fd4a\" data-element_type=\"widget\" data-widget_type=\"heading.default\">\n\t\t\t\t<div class=\"elementor-widget-container\">\n\t\t\t\t\t<h2 class=\"elementor-heading-title elementor-size-default\">les articles de Marie Mirgaine sur le blog<\/h2>\t\t\t\t<\/div>\n\t\t\t\t<\/div>\n\t\t\t\t<div class=\"elementor-element elementor-element-e6fac9d elementor-grid-3 elementor-grid-tablet-2 elementor-grid-mobile-1 elementor-posts--thumbnail-top elementor-card-shadow-yes elementor-posts__hover-gradient elementor-widget elementor-widget-posts\" data-id=\"e6fac9d\" data-element_type=\"widget\" data-settings=\"{&quot;cards_columns&quot;:&quot;3&quot;,&quot;cards_columns_tablet&quot;:&quot;2&quot;,&quot;cards_columns_mobile&quot;:&quot;1&quot;,&quot;cards_row_gap&quot;:{&quot;unit&quot;:&quot;px&quot;,&quot;size&quot;:35,&quot;sizes&quot;:[]},&quot;cards_row_gap_tablet&quot;:{&quot;unit&quot;:&quot;px&quot;,&quot;size&quot;:&quot;&quot;,&quot;sizes&quot;:[]},&quot;cards_row_gap_mobile&quot;:{&quot;unit&quot;:&quot;px&quot;,&quot;size&quot;:&quot;&quot;,&quot;sizes&quot;:[]}}\" data-widget_type=\"posts.cards\">\n\t\t\t\t<div class=\"elementor-widget-container\">\n\t\t\t\t\t\t\t<div class=\"elementor-posts-container elementor-posts elementor-posts--skin-cards elementor-grid\">\n\t\t\t\t<article class=\"elementor-post elementor-grid-item post-25936 post type-post status-publish format-standard has-post-thumbnail hentry category-actus category-marie-mirgaine\">\n\t\t\t<div class=\"elementor-post__card\">\n\t\t\t\t<a class=\"elementor-post__thumbnail__link\" href=\"https:\/\/bmmetz.fr\/blog\/2023\/02\/03\/et-kiki-alors-rendez-vous-samedi-11-02-pour-le-spectacle-douverture\/\" tabindex=\"-1\" ><div class=\"elementor-post__thumbnail\"><img decoding=\"async\" width=\"300\" height=\"168\" src=\"https:\/\/bmmetz.fr\/blog\/wp-content\/uploads\/2023\/02\/VISUEL-Spectacle-Kiki_cop_Marie-Mirgaine-300x168.jpg\" class=\"attachment-medium size-medium wp-image-26000\" alt=\"\" srcset=\"https:\/\/bmmetz.fr\/blog\/wp-content\/uploads\/2023\/02\/VISUEL-Spectacle-Kiki_cop_Marie-Mirgaine-300x168.jpg 300w, https:\/\/bmmetz.fr\/blog\/wp-content\/uploads\/2023\/02\/VISUEL-Spectacle-Kiki_cop_Marie-Mirgaine-1024x574.jpg 1024w, https:\/\/bmmetz.fr\/blog\/wp-content\/uploads\/2023\/02\/VISUEL-Spectacle-Kiki_cop_Marie-Mirgaine-768x431.jpg 768w, https:\/\/bmmetz.fr\/blog\/wp-content\/uploads\/2023\/02\/VISUEL-Spectacle-Kiki_cop_Marie-Mirgaine-1536x861.jpg 1536w, https:\/\/bmmetz.fr\/blog\/wp-content\/uploads\/2023\/02\/VISUEL-Spectacle-Kiki_cop_Marie-Mirgaine.jpg 2048w\" sizes=\"(max-width: 300px) 100vw, 300px\" \/><\/div><\/a>\n\t\t\t\t<div class=\"elementor-post__text\">\n\t\t\t\t<h3 class=\"elementor-post__title\">\n\t\t\t<a href=\"https:\/\/bmmetz.fr\/blog\/2023\/02\/03\/et-kiki-alors-rendez-vous-samedi-11-02-pour-le-spectacle-douverture\/\" >\n\t\t\t\tRendez-vous samedi 11.02 \u00e0 la m\u00e9diath\u00e8que Verlaine !\t\t\t<\/a>\n\t\t<\/h3>\n\t\t\t\t<div class=\"elementor-post__excerpt\">\n\t\t\t<p>C&rsquo;est le spectacle \u00ab Et Kiki alors ? \u00bb qui ouvre la r\u00e9sidence de Marie Mirgaine en nous plongeant dans son univers graphique en musique.<\/p>\n\t\t<\/div>\n\t\t\n\t\t<a class=\"elementor-post__read-more\" href=\"https:\/\/bmmetz.fr\/blog\/2023\/02\/03\/et-kiki-alors-rendez-vous-samedi-11-02-pour-le-spectacle-douverture\/\" aria-label=\"En savoir plus sur Rendez-vous samedi 11.02 \u00e0 la m\u00e9diath\u00e8que Verlaine !\" tabindex=\"-1\" >\n\t\t\tLire plus \u00bb\t\t<\/a>\n\n\t\t\t\t<\/div>\n\t\t\t\t<div class=\"elementor-post__meta-data\">\n\t\t\t\t\t<span class=\"elementor-post-date\">\n\t\t\t3 f\u00e9vrier 2023\t\t<\/span>\n\t\t\t\t<\/div>\n\t\t\t\t\t<\/div>\n\t\t<\/article>\n\t\t\t\t<article class=\"elementor-post elementor-grid-item post-25958 post type-post status-publish format-standard has-post-thumbnail hentry category-actus category-marie-mirgaine\">\n\t\t\t<div class=\"elementor-post__card\">\n\t\t\t\t<a class=\"elementor-post__thumbnail__link\" href=\"https:\/\/bmmetz.fr\/blog\/2023\/02\/02\/les-rendez-vous-avec-marie-mirgaine\/\" tabindex=\"-1\" ><div class=\"elementor-post__thumbnail\"><img loading=\"lazy\" decoding=\"async\" width=\"300\" height=\"243\" src=\"https:\/\/bmmetz.fr\/blog\/wp-content\/uploads\/2023\/02\/Specatcle-KIKI_cop_Marie-Mirgaine-300x243.png\" class=\"attachment-medium size-medium wp-image-25928\" alt=\"\" srcset=\"https:\/\/bmmetz.fr\/blog\/wp-content\/uploads\/2023\/02\/Specatcle-KIKI_cop_Marie-Mirgaine-300x243.png 300w, https:\/\/bmmetz.fr\/blog\/wp-content\/uploads\/2023\/02\/Specatcle-KIKI_cop_Marie-Mirgaine-1024x829.png 1024w, https:\/\/bmmetz.fr\/blog\/wp-content\/uploads\/2023\/02\/Specatcle-KIKI_cop_Marie-Mirgaine-768x622.png 768w, https:\/\/bmmetz.fr\/blog\/wp-content\/uploads\/2023\/02\/Specatcle-KIKI_cop_Marie-Mirgaine.png 1035w\" sizes=\"(max-width: 300px) 100vw, 300px\" \/><\/div><\/a>\n\t\t\t\t<div class=\"elementor-post__text\">\n\t\t\t\t<h3 class=\"elementor-post__title\">\n\t\t\t<a href=\"https:\/\/bmmetz.fr\/blog\/2023\/02\/02\/les-rendez-vous-avec-marie-mirgaine\/\" >\n\t\t\t\tLes rendez-vous publics 2023\t\t\t<\/a>\n\t\t<\/h3>\n\t\t\t\t<div class=\"elementor-post__excerpt\">\n\t\t\t<p>\u00c0 l&rsquo;occasion de cette r\u00e9sidence, il sera possible \u00e0 tout public, petits et grands, de rencontrer Marie Mirgaine et d\u00e9couvrir son univers \u00e0 travers diff\u00e9rents<\/p>\n\t\t<\/div>\n\t\t\n\t\t<a class=\"elementor-post__read-more\" href=\"https:\/\/bmmetz.fr\/blog\/2023\/02\/02\/les-rendez-vous-avec-marie-mirgaine\/\" aria-label=\"En savoir plus sur Les rendez-vous publics 2023\" tabindex=\"-1\" >\n\t\t\tLire plus \u00bb\t\t<\/a>\n\n\t\t\t\t<\/div>\n\t\t\t\t<div class=\"elementor-post__meta-data\">\n\t\t\t\t\t<span class=\"elementor-post-date\">\n\t\t\t2 f\u00e9vrier 2023\t\t<\/span>\n\t\t\t\t<\/div>\n\t\t\t\t\t<\/div>\n\t\t<\/article>\n\t\t\t\t<article class=\"elementor-post elementor-grid-item post-25949 post type-post status-publish format-standard has-post-thumbnail hentry category-actus category-marie-mirgaine\">\n\t\t\t<div class=\"elementor-post__card\">\n\t\t\t\t<a class=\"elementor-post__thumbnail__link\" href=\"https:\/\/bmmetz.fr\/blog\/2023\/02\/01\/marie-mirgaine-en-residence-pour-la-2e-edition-de-poursuite\/\" tabindex=\"-1\" ><div class=\"elementor-post__thumbnail\"><img loading=\"lazy\" decoding=\"async\" width=\"261\" height=\"300\" src=\"https:\/\/bmmetz.fr\/blog\/wp-content\/uploads\/2023\/02\/portrait-Marie-Mirgaine-261x300.jpg\" class=\"attachment-medium size-medium wp-image-25911\" alt=\"\" srcset=\"https:\/\/bmmetz.fr\/blog\/wp-content\/uploads\/2023\/02\/portrait-Marie-Mirgaine-261x300.jpg 261w, https:\/\/bmmetz.fr\/blog\/wp-content\/uploads\/2023\/02\/portrait-Marie-Mirgaine-889x1024.jpg 889w, https:\/\/bmmetz.fr\/blog\/wp-content\/uploads\/2023\/02\/portrait-Marie-Mirgaine-768x884.jpg 768w, https:\/\/bmmetz.fr\/blog\/wp-content\/uploads\/2023\/02\/portrait-Marie-Mirgaine.jpg 1240w\" sizes=\"(max-width: 261px) 100vw, 261px\" \/><\/div><\/a>\n\t\t\t\t<div class=\"elementor-post__text\">\n\t\t\t\t<h3 class=\"elementor-post__title\">\n\t\t\t<a href=\"https:\/\/bmmetz.fr\/blog\/2023\/02\/01\/marie-mirgaine-en-residence-pour-la-2e-edition-de-poursuite\/\" >\n\t\t\t\tMarie Mirgaine en r\u00e9sidence pour la 2e \u00e9dition de POURSUITE\t\t\t<\/a>\n\t\t<\/h3>\n\t\t\t\t<div class=\"elementor-post__excerpt\">\n\t\t\t<p>Du 6 f\u00e9vrier au 16 avril 2023, Marie Mirgaine, autrice et illustratrice \u00e0 l\u2019univers graphique singulier, est accueillie par les Biblioth\u00e8ques-M\u00e9diath\u00e8ques de Metz pour une<\/p>\n\t\t<\/div>\n\t\t\n\t\t<a class=\"elementor-post__read-more\" href=\"https:\/\/bmmetz.fr\/blog\/2023\/02\/01\/marie-mirgaine-en-residence-pour-la-2e-edition-de-poursuite\/\" aria-label=\"En savoir plus sur Marie Mirgaine en r\u00e9sidence pour la 2e \u00e9dition de POURSUITE\" tabindex=\"-1\" >\n\t\t\tLire plus \u00bb\t\t<\/a>\n\n\t\t\t\t<\/div>\n\t\t\t\t<div class=\"elementor-post__meta-data\">\n\t\t\t\t\t<span class=\"elementor-post-date\">\n\t\t\t1 f\u00e9vrier 2023\t\t<\/span>\n\t\t\t\t<\/div>\n\t\t\t\t\t<\/div>\n\t\t<\/article>\n\t\t\t\t<\/div>\n\t\t\n\t\t\t\t\t\t<\/div>\n\t\t\t\t<\/div>\n\t\t\t\t\t<\/div>\n\t\t<\/div>\n\t\t\t\t\t<\/div>\n\t\t<\/section>\n\t\t\t\t<\/div>\n\t\t","protected":false},"excerpt":{"rendered":"<p>Marie Mirgaine Artiste originaire de Metz et aujourd\u2019hui bas\u00e9e \u00e0 Lyon, Marie Mirgaine \u00e9crit et illustre des ouvrages pour la jeunesse depuis 2019. Remarqu\u00e9e avec son premier album Kiki en promenade aux \u00e9ditions des Fourmis rouges, coup de coeur du jury de la 2\u00e8me \u00e9dition du Prix du Livre Grand Est en 2021 et parmi [&hellip;]<\/p>\n","protected":false},"author":1,"featured_media":0,"parent":0,"menu_order":0,"comment_status":"closed","ping_status":"closed","template":"","meta":{"footnotes":""},"_links":{"self":[{"href":"https:\/\/bmmetz.fr\/blog\/wp-json\/wp\/v2\/pages\/25694"}],"collection":[{"href":"https:\/\/bmmetz.fr\/blog\/wp-json\/wp\/v2\/pages"}],"about":[{"href":"https:\/\/bmmetz.fr\/blog\/wp-json\/wp\/v2\/types\/page"}],"author":[{"embeddable":true,"href":"https:\/\/bmmetz.fr\/blog\/wp-json\/wp\/v2\/users\/1"}],"replies":[{"embeddable":true,"href":"https:\/\/bmmetz.fr\/blog\/wp-json\/wp\/v2\/comments?post=25694"}],"version-history":[{"count":79,"href":"https:\/\/bmmetz.fr\/blog\/wp-json\/wp\/v2\/pages\/25694\/revisions"}],"predecessor-version":[{"id":26404,"href":"https:\/\/bmmetz.fr\/blog\/wp-json\/wp\/v2\/pages\/25694\/revisions\/26404"}],"wp:attachment":[{"href":"https:\/\/bmmetz.fr\/blog\/wp-json\/wp\/v2\/media?parent=25694"}],"curies":[{"name":"wp","href":"https:\/\/api.w.org\/{rel}","templated":true}]}}